{"id":1649,"date":"2017-05-25T10:37:26","date_gmt":"2017-05-25T07:37:26","guid":{"rendered":"http:\/\/astrosummercamp.com\/en\/?page_id=1649"},"modified":"2018-07-01T15:13:45","modified_gmt":"2018-07-01T12:13:45","slug":"r-hakan-kirkoglu","status":"publish","type":"page","link":"https:\/\/astrosummercamp.com\/en\/speaker\/r-hakan-kirkoglu\/","title":{"rendered":"R. Hakan K\u0131rko\u011flu"},"content":{"rendered":"<p><strong><a href=\"http:\/\/astrosummercamp.com\/wp-content\/uploads\/Hakan2016.jpg\"><img loading=\"lazy\" decoding=\"async\" class=\"alignleft wp-image-410\" src=\"http:\/\/astrosummercamp.com\/wp-content\/uploads\/Hakan2016.jpg\" alt=\"\" width=\"189\" height=\"285\" srcset=\"https:\/\/astrosummercamp.com\/wp-content\/uploads\/Hakan2016.jpg 312w, https:\/\/astrosummercamp.com\/wp-content\/uploads\/Hakan2016-199x300.jpg 199w\" sizes=\"auto, (max-width: 189px) 100vw, 189px\" \/><\/a>R. Hakan K\u0131rko\u011flu<\/strong><\/p>\n<p class=\"p1\">Hakan K\u0131rko\u011flu set an example of astrology education in Turkey providing systematical courses and has a leading role in developing astrological community since late 90\u2019s. He has completed two M.A. degrees, in History (2016) and Economics (1991) at Bo\u011fazi\u00e7i University. He graduated from Management Engineering Department with B.Sc. (ITU) in 1988. He is a consultant astrologer with long years of experience and contributes to astrology through lecturing, writing and organizing events. Began studying astrology in 1983, he recevied the Diploma of Faculty of Astrological Studies with a Veritas Award in 1997. He has been lecturing in various international conferences in UK, USA, Poland, Australia, Serbia, Greece since 1999. He participated in UAC 2008 as a mundane astrology track coordinator and core speaker in 2012. His first astrology book \u201cAstroloji Zamanlar\u0131\u201d was published in 1991 and later wrote \u201cG\u00f6klerin Bilgeli\u011fi\u201d introducing traditional aspects of astrology in Turkey in 2005. His book on prenatal solar eclipses \u201cRuhun Yolculu\u011fu\u201d has been widely received as a novel contribution. Recently his M.A. thesis on astrology and its role in 18th century Ottoman court has been\u00a0published as a book in 2017.<\/p>\n<p class=\"p1\">Kirkoglu is the founder and principal of G\u00f6klerin Bilgeli\u011fi School and ISAR VP for Turkey.<\/p>\n<p class=\"p1\"><span style=\"color: #ffffff;\">.<\/span><\/p>\n<p class=\"p1\"><span style=\"color: #ffffff;\">.<\/span><\/p>\n<p class=\"p1\"><span style=\"font-size: 14pt;\"><span class=\"s1\" style=\"color: #800000;\"><b>SPEAKER\u2019S FOCUS THEMES AT ASTRO SUMMER CAMP 2017<\/b><\/span><\/span><\/p>\n<ul style=\"list-style-type: disc;\">\n<li class=\"p2\">&#8211; Our Life themes according to Part of Fortune and Spirit<\/li>\n<li class=\"p2\">&#8211; Discovering life periods according to an ancient method; Decennials<\/li>\n<li class=\"p2\">&#8211; Quick and Practical Electional Astrology<\/li>\n<li class=\"p2\">&#8211;\u00a0Astrology, Kabala and Tree of Life<\/li>\n<\/ul>\n<p>&nbsp;<\/p>\n","protected":false},"excerpt":{"rendered":"<p>R. Hakan K\u0131rko\u011flu Hakan K\u0131rko\u011flu set an example of astrology education in Turkey providing systematical courses and has a leading role in developing astrological community since late 90\u2019s. He has completed two M.A. degrees, in History (2016) and Economics (1991) at Bo\u011fazi\u00e7i University. He graduated from Management Engineering Department with B.Sc. (ITU) in 1988. He [&hellip;]<\/p>\n","protected":false},"author":1,"featured_media":0,"parent":1644,"menu_order":0,"comment_status":"closed","ping_status":"closed","template":"","meta":{"footnotes":"","_links_to":"","_links_to_target":""},"class_list":["post-1649","page","type-page","status-publish","hentry"],"_links":{"self":[{"href":"https:\/\/astrosummercamp.com\/en\/wp-json\/wp\/v2\/pages\/1649","targetHints":{"allow":["GET"]}}],"collection":[{"href":"https:\/\/astrosummercamp.com\/en\/wp-json\/wp\/v2\/pages"}],"about":[{"href":"https:\/\/astrosummercamp.com\/en\/wp-json\/wp\/v2\/types\/page"}],"author":[{"embeddable":true,"href":"https:\/\/astrosummercamp.com\/en\/wp-json\/wp\/v2\/users\/1"}],"replies":[{"embeddable":true,"href":"https:\/\/astrosummercamp.com\/en\/wp-json\/wp\/v2\/comments?post=1649"}],"version-history":[{"count":7,"href":"https:\/\/astrosummercamp.com\/en\/wp-json\/wp\/v2\/pages\/1649\/revisions"}],"predecessor-version":[{"id":2022,"href":"https:\/\/astrosummercamp.com\/en\/wp-json\/wp\/v2\/pages\/1649\/revisions\/2022"}],"up":[{"embeddable":true,"href":"https:\/\/astrosummercamp.com\/en\/wp-json\/wp\/v2\/pages\/1644"}],"wp:attachment":[{"href":"https:\/\/astrosummercamp.com\/en\/wp-json\/wp\/v2\/media?parent=1649"}],"curies":[{"name":"wp","href":"https:\/\/api.w.org\/{rel}","templated":true}]}}